{"id":439,"date":"2025-07-29T09:07:28","date_gmt":"2025-07-29T15:07:28","guid":{"rendered":"https:\/\/clublosnaranjos.com.mx\/?page_id=439"},"modified":"2025-07-29T09:21:12","modified_gmt":"2025-07-29T15:21:12","slug":"quienes-somos","status":"publish","type":"page","link":"https:\/\/clublosnaranjos.com.mx\/index.php\/quienes-somos\/","title":{"rendered":"Quienes somos"},"content":{"rendered":"\n<figure class=\"wp-block-pullquote\"><blockquote><p>Somos un Club de Golf con gran tradici\u00f3n en Le\u00f3n, Guanajuato, que combina lo deportivo, social y de networking en un solo espacio. Nos distinguimos por ofrecer altos est\u00e1ndares de calidad en servicios, instalaciones y desarrollo, fomentando una s\u00f3lida comunidad enfocada en el bienestar, la convivencia y el deporte. Nos enorgullece brindar experiencias \u00fanicas a nuestros socios y visitantes, lo que nos posiciona como uno de los clubes m\u00e1s reconocidos y apreciados de la ciudad.<\/p><\/blockquote><\/figure>\n\n\n\n<blockquote class=\"wp-block-quote is-style-plain has-custom-color-1-background-color has-background is-layout-flow wp-block-quote-is-layout-flow\">\n<p class=\"has-medium-font-size\">Misi\u00f3n<\/p>\n\n\n\n<p class=\"has-custom-color-2-background-color has-background has-normal-font-size\">Ser el club de golf con mayor tradici\u00f3n en Le\u00f3n,\u00a0fomentando y desarrollando la integraci\u00f3n familiar,\u00a0consolidando\u00a0nuestra\u00a0comunidad y la sana\u00a0convivencia a\u00a0trav\u00e9s de un\u00a0trato c\u00e1lido y de excelencia.<\/p>\n<\/blockquote>\n\n\n\n<blockquote class=\"wp-block-quote is-style-plain has-custom-color-1-background-color has-background is-layout-flow wp-block-quote-is-layout-flow\">\n<p class=\"has-medium-font-size\">Visi\u00f3n<\/p>\n\n\n\n<p class=\"has-custom-color-2-background-color has-background has-normal-font-size\">Seguir siendo\u00a0el club social y deportivo de referencia en Le\u00f3n, un legado para las generaciones que inspira el bienestar y la\u00a0calidad de vida, ofreciendo experiencias excepcionales en cada actividad y rinc\u00f3n, donde la tradici\u00f3n y la innovaci\u00f3n se unan\u00a0para enriquecer la vida de nuestros socios.<\/p>\n<\/blockquote>\n","protected":false},"excerpt":{"rendered":"<p>Somos un Club de Golf con gran tradici\u00f3n en Le\u00f3n, Guanajuato, que combina lo deportivo, [&hellip;]<\/p>\n","protected":false},"author":1,"featured_media":0,"parent":0,"menu_order":0,"comment_status":"closed","ping_status":"closed","template":"","meta":{"footnotes":""},"class_list":["post-439","page","type-page","status-publish","hentry"],"aioseo_notices":[],"_links":{"self":[{"href":"https:\/\/clublosnaranjos.com.mx\/index.php\/wp-json\/wp\/v2\/pages\/439","targetHints":{"allow":["GET"]}}],"collection":[{"href":"https:\/\/clublosnaranjos.com.mx\/index.php\/wp-json\/wp\/v2\/pages"}],"about":[{"href":"https:\/\/clublosnaranjos.com.mx\/index.php\/wp-json\/wp\/v2\/types\/page"}],"author":[{"embeddable":true,"href":"https:\/\/clublosnaranjos.com.mx\/index.php\/wp-json\/wp\/v2\/users\/1"}],"replies":[{"embeddable":true,"href":"https:\/\/clublosnaranjos.com.mx\/index.php\/wp-json\/wp\/v2\/comments?post=439"}],"version-history":[{"count":7,"href":"https:\/\/clublosnaranjos.com.mx\/index.php\/wp-json\/wp\/v2\/pages\/439\/revisions"}],"predecessor-version":[{"id":449,"href":"https:\/\/clublosnaranjos.com.mx\/index.php\/wp-json\/wp\/v2\/pages\/439\/revisions\/449"}],"wp:attachment":[{"href":"https:\/\/clublosnaranjos.com.mx\/index.php\/wp-json\/wp\/v2\/media?parent=439"}],"curies":[{"name":"wp","href":"https:\/\/api.w.org\/{rel}","templated":true}]}}